{"id":925,"date":"2019-07-05T13:17:20","date_gmt":"2019-07-05T11:17:20","guid":{"rendered":"http:\/\/9t3stwsql.preview.infomaniak.website\/?page_id=925"},"modified":"2023-05-25T10:03:58","modified_gmt":"2023-05-25T08:03:58","slug":"contact","status":"publish","type":"page","link":"https:\/\/infosuisse.ch\/en\/contact\/","title":{"rendered":"Contact"},"content":{"rendered":"<div class=\"vce-row-container\" data-vce-boxed-width=\"true\"><div class=\"vce-row vce-row--col-gap-30 partners-logo full-container gap-both-2 in-top-spacing-huge in-bottom-spacing-huge vce-row-content--top\" id=\"el-eaa34861\" data-vce-do-apply=\"all el-eaa34861\"><div class=\"vce-row-content\" data-vce-element-content=\"true\"><div class=\"vce-col vce-col--md-auto vce-col--xs-1 vce-col--xs-last vce-col--xs-first vce-col--sm-last vce-col--sm-first vce-col--md-last vce-col--lg-last vce-col--xl-last vce-col--md-first vce-col--lg-first vce-col--xl-first\" id=\"el-c34acdec\"><div class=\"vce-col-inner\" data-vce-do-apply=\"border margin background  el-c34acdec\"><div class=\"vce-col-content\" data-vce-element-content=\"true\" data-vce-do-apply=\"padding el-c34acdec\"><div class=\"vce-text-block in-bottom-spacing-medium partners-logo\"><div class=\"vce-text-block-wrapper vce\" id=\"el-0ec4541c\" data-vce-do-apply=\"all el-0ec4541c\"><h3 style=\"text-align: center;\">Among our partners<\/h3><\/div><\/div><div class=\"vce-row-container\" data-vce-boxed-width=\"true\"><div class=\"vce-row vce-row--has-col-background vce-row--col-gap-30 gap-both-2 vce-row-content--top\" id=\"el-fc354f33\" data-vce-do-apply=\"all el-fc354f33\"><div class=\"vce-row-content\" data-vce-element-content=\"true\"><div class=\"vce-col vce-element--has-background vce-col--xs-auto vce-col--xs-visible vce-col--xs-first vce-col--sm-auto vce-col--sm-visible vce-col--sm-first vce-col--md-auto vce-col--md-visible vce-col--md-first vce-col--lg-auto vce-col--lg-visible vce-col--lg-first vce-col--xl-auto vce-col--xl-visible vce-col--xl-first\" id=\"el-3b44b4da\"><div class=\"vce-col-inner\" data-vce-do-apply=\"border margin background  el-3b44b4da\"><div class=\"vce-content-background-container\"><div class=\"vce-asset-background-simple-container vce-visible-all-only vce-asset-background-simple--style-cover vce-asset-background-simple--position-center-top\"><div class=\"vce-asset-background-simple\"><div class=\"vce-asset-background-simple-item\" style=\"background-image: url('http:\/\/9t3stwsql.preview.infomaniak.website\/wp-content\/uploads\/bovard.png');\"><\/div><\/div><\/div><\/div><div class=\"vce-col-content\" data-vce-element-content=\"true\" data-vce-do-apply=\"padding el-3b44b4da\"><div><\/div><\/div><\/div><\/div><div class=\"vce-col vce-element--has-background vce-col--xs-auto vce-col--xs-visible vce-col--sm-auto vce-col--sm-visible vce-col--md-auto vce-col--md-visible vce-col--lg-auto vce-col--lg-visible vce-col--xl-auto vce-col--xl-visible\" id=\"el-ad1b4588\"><div class=\"vce-col-inner\" data-vce-do-apply=\"border margin background  el-ad1b4588\"><div class=\"vce-content-background-container\"><div class=\"vce-asset-background-simple-container vce-visible-all-only vce-asset-background-simple--style-cover vce-asset-background-simple--position-center-top\"><div class=\"vce-asset-background-simple\"><div class=\"vce-asset-background-simple-item\" style=\"background-image: url('http:\/\/9t3stwsql.preview.infomaniak.website\/wp-content\/uploads\/genilem.png');\"><\/div><\/div><\/div><\/div><div class=\"vce-col-content\" data-vce-element-content=\"true\" data-vce-do-apply=\"padding el-ad1b4588\"><div><\/div><\/div><\/div><\/div><div class=\"vce-col vce-element--has-background vce-col--xs-auto vce-col--xs-visible vce-col--xs-last vce-col--sm-auto vce-col--sm-visible vce-col--sm-last vce-col--md-auto vce-col--md-visible vce-col--md-last vce-col--lg-auto vce-col--lg-visible vce-col--lg-last vce-col--xl-auto vce-col--xl-visible vce-col--xl-last\" id=\"el-80cd6a28\"><div class=\"vce-col-inner\" data-vce-do-apply=\"border margin background  el-80cd6a28\"><div class=\"vce-content-background-container\"><div class=\"vce-asset-background-simple-container vce-visible-all-only vce-asset-background-simple--style-cover vce-asset-background-simple--position-center-top\"><div class=\"vce-asset-background-simple\"><div class=\"vce-asset-background-simple-item\" style=\"background-image: url('http:\/\/9t3stwsql.preview.infomaniak.website\/wp-content\/uploads\/neue.png');\"><\/div><\/div><\/div><\/div><div class=\"vce-col-content\" data-vce-element-content=\"true\" data-vce-do-apply=\"padding el-80cd6a28\"><div><\/div><\/div><\/div><\/div><\/div><\/div><\/div><\/div><\/div><\/div><\/div><\/div><\/div>","protected":false},"excerpt":{"rendered":"<p>Among our partners<\/p>\n","protected":false},"author":2,"featured_media":0,"parent":0,"menu_order":0,"comment_status":"closed","ping_status":"closed","template":"templates\/template-page.php","meta":{"_acf_changed":false,"footnotes":""},"class_list":["post-925","page","type-page","status-publish","hentry"],"acf":[],"yoast_head":"<!-- This site is optimized with the Yoast SEO plugin v27.2 - https:\/\/yoast.com\/product\/yoast-seo-wordpress\/ -->\n<title>Contact - Infosuisse<\/title>\n<meta name=\"robots\" content=\"index, follow, max-snippet:-1, max-image-preview:large, max-video-preview:-1\" \/>\n<link rel=\"canonical\" href=\"https:\/\/infosuisse.ch\/en\/contact\/\" \/>\n<meta property=\"og:locale\" content=\"en_US\" \/>\n<meta property=\"og:type\" content=\"article\" \/>\n<meta property=\"og:title\" content=\"Contact - Infosuisse\" \/>\n<meta property=\"og:description\" content=\"Among our partners\" \/>\n<meta property=\"og:url\" content=\"https:\/\/infosuisse.ch\/en\/contact\/\" \/>\n<meta property=\"og:site_name\" content=\"Infosuisse\" \/>\n<meta property=\"article:modified_time\" content=\"2023-05-25T08:03:58+00:00\" \/>\n<meta name=\"twitter:card\" content=\"summary_large_image\" \/>\n<script type=\"application\/ld+json\" class=\"yoast-schema-graph\">{\"@context\":\"https:\/\/schema.org\",\"@graph\":[{\"@type\":\"WebPage\",\"@id\":\"https:\/\/infosuisse.ch\/en\/contact\/\",\"url\":\"https:\/\/infosuisse.ch\/en\/contact\/\",\"name\":\"Contact - Infosuisse\",\"isPartOf\":{\"@id\":\"https:\/\/infosuisse.ch\/en\/#website\"},\"datePublished\":\"2019-07-05T11:17:20+00:00\",\"dateModified\":\"2023-05-25T08:03:58+00:00\",\"breadcrumb\":{\"@id\":\"https:\/\/infosuisse.ch\/en\/contact\/#breadcrumb\"},\"inLanguage\":\"en-US\",\"potentialAction\":[{\"@type\":\"ReadAction\",\"target\":[\"https:\/\/infosuisse.ch\/en\/contact\/\"]}]},{\"@type\":\"BreadcrumbList\",\"@id\":\"https:\/\/infosuisse.ch\/en\/contact\/#breadcrumb\",\"itemListElement\":[{\"@type\":\"ListItem\",\"position\":1,\"name\":\"Accueil\",\"item\":\"https:\/\/infosuisse.ch\/en\/\"},{\"@type\":\"ListItem\",\"position\":2,\"name\":\"Contact\"}]},{\"@type\":\"WebSite\",\"@id\":\"https:\/\/infosuisse.ch\/en\/#website\",\"url\":\"https:\/\/infosuisse.ch\/en\/\",\"name\":\"Infosuisse\",\"description\":\"Nous d\u00e9fendons et valorisons vos marques, designs et inventions par un conseil adapt\u00e9 \u00e0 vos besoins, accessible et personnalis\u00e9\",\"potentialAction\":[{\"@type\":\"SearchAction\",\"target\":{\"@type\":\"EntryPoint\",\"urlTemplate\":\"https:\/\/infosuisse.ch\/en\/?s={search_term_string}\"},\"query-input\":{\"@type\":\"PropertyValueSpecification\",\"valueRequired\":true,\"valueName\":\"search_term_string\"}}],\"inLanguage\":\"en-US\"}]}<\/script>\n<!-- \/ Yoast SEO plugin. -->","yoast_head_json":{"title":"Contact - Infosuisse","robots":{"index":"index","follow":"follow","max-snippet":"max-snippet:-1","max-image-preview":"max-image-preview:large","max-video-preview":"max-video-preview:-1"},"canonical":"https:\/\/infosuisse.ch\/en\/contact\/","og_locale":"en_US","og_type":"article","og_title":"Contact - Infosuisse","og_description":"Among our partners","og_url":"https:\/\/infosuisse.ch\/en\/contact\/","og_site_name":"Infosuisse","article_modified_time":"2023-05-25T08:03:58+00:00","twitter_card":"summary_large_image","schema":{"@context":"https:\/\/schema.org","@graph":[{"@type":"WebPage","@id":"https:\/\/infosuisse.ch\/en\/contact\/","url":"https:\/\/infosuisse.ch\/en\/contact\/","name":"Contact - Infosuisse","isPartOf":{"@id":"https:\/\/infosuisse.ch\/en\/#website"},"datePublished":"2019-07-05T11:17:20+00:00","dateModified":"2023-05-25T08:03:58+00:00","breadcrumb":{"@id":"https:\/\/infosuisse.ch\/en\/contact\/#breadcrumb"},"inLanguage":"en-US","potentialAction":[{"@type":"ReadAction","target":["https:\/\/infosuisse.ch\/en\/contact\/"]}]},{"@type":"BreadcrumbList","@id":"https:\/\/infosuisse.ch\/en\/contact\/#breadcrumb","itemListElement":[{"@type":"ListItem","position":1,"name":"Accueil","item":"https:\/\/infosuisse.ch\/en\/"},{"@type":"ListItem","position":2,"name":"Contact"}]},{"@type":"WebSite","@id":"https:\/\/infosuisse.ch\/en\/#website","url":"https:\/\/infosuisse.ch\/en\/","name":"Infosuisse","description":"Nous d\u00e9fendons et valorisons vos marques, designs et inventions par un conseil adapt\u00e9 \u00e0 vos besoins, accessible et personnalis\u00e9","potentialAction":[{"@type":"SearchAction","target":{"@type":"EntryPoint","urlTemplate":"https:\/\/infosuisse.ch\/en\/?s={search_term_string}"},"query-input":{"@type":"PropertyValueSpecification","valueRequired":true,"valueName":"search_term_string"}}],"inLanguage":"en-US"}]}},"_links":{"self":[{"href":"https:\/\/infosuisse.ch\/en\/wp-json\/wp\/v2\/pages\/925","targetHints":{"allow":["GET"]}}],"collection":[{"href":"https:\/\/infosuisse.ch\/en\/wp-json\/wp\/v2\/pages"}],"about":[{"href":"https:\/\/infosuisse.ch\/en\/wp-json\/wp\/v2\/types\/page"}],"author":[{"embeddable":true,"href":"https:\/\/infosuisse.ch\/en\/wp-json\/wp\/v2\/users\/2"}],"replies":[{"embeddable":true,"href":"https:\/\/infosuisse.ch\/en\/wp-json\/wp\/v2\/comments?post=925"}],"version-history":[{"count":25,"href":"https:\/\/infosuisse.ch\/en\/wp-json\/wp\/v2\/pages\/925\/revisions"}],"predecessor-version":[{"id":1665,"href":"https:\/\/infosuisse.ch\/en\/wp-json\/wp\/v2\/pages\/925\/revisions\/1665"}],"wp:attachment":[{"href":"https:\/\/infosuisse.ch\/en\/wp-json\/wp\/v2\/media?parent=925"}],"curies":[{"name":"wp","href":"https:\/\/api.w.org\/{rel}","templated":true}]}}